{"id":1353,"date":"2025-11-04T15:46:54","date_gmt":"2025-11-04T14:46:54","guid":{"rendered":"https:\/\/mywater.community\/normes\/"},"modified":"2026-01-15T16:09:26","modified_gmt":"2026-01-15T15:09:26","slug":"standards","status":"publish","type":"page","link":"https:\/\/mywater.community\/en\/standards\/","title":{"rendered":"Maintenance"},"content":{"rendered":"\t\t<div data-elementor-type=\"page\" data-elementor-id=\"1353\" class=\"elementor elementor-1353 elementor-1345\">\n\t\t\t\t\t\t<section class=\"elementor-section elementor-top-section elementor-element elementor-element-d6f2208 elementor-section-full_width elementor-section-height-full elementor-section-height-default elementor-section-items-middle\" data-id=\"d6f2208\" data-element_type=\"section\" data-settings=\"{&quot;background_background&quot;:&quot;classic&quot;}\">\n\t\t\t\t\t\t<div class=\"elementor-container elementor-column-gap-default\">\n\t\t\t\t\t<div class=\"elementor-column elementor-col-100 elementor-top-column elementor-element elementor-element-40ff800\" data-id=\"40ff800\" data-element_type=\"column\">\n\t\t\t<div class=\"elementor-widget-wrap elementor-element-populated\">\n\t\t\t\t\t\t<section class=\"elementor-section elementor-inner-section elementor-element elementor-element-a377c60 elementor-section-full_width elementor-section-height-default elementor-section-height-default elementor-invisible\" data-id=\"a377c60\" data-element_type=\"section\" data-settings=\"{&quot;animation&quot;:&quot;fadeIn&quot;,&quot;animation_delay&quot;:100,&quot;background_background&quot;:&quot;classic&quot;}\">\n\t\t\t\t\t\t<div class=\"elementor-container elementor-column-gap-default\">\n\t\t\t\t\t<div class=\"elementor-column elementor-col-100 elementor-inner-column elementor-element elementor-element-68535f4\" data-id=\"68535f4\" data-element_type=\"column\">\n\t\t\t<div class=\"elementor-widget-wrap elementor-element-populated\">\n\t\t\t\t\t\t<div class=\"elementor-element elementor-element-c3eda88 elementor-widget-mobile__width-inherit elementor-widget elementor-widget-text-editor\" data-id=\"c3eda88\" data-element_type=\"widget\" data-widget_type=\"text-editor.default\">\n\t\t\t\t\t\t\t\t\t<h1 class=\"normeH1\"><span class=\"darkBlue\">MyWater<\/span>: <span class=\"lightBlue upperCase\">technical standards<\/span><\/h1>\t\t\t\t\t\t\t\t<\/div>\n\t\t\t\t\t<\/div>\n\t\t<\/div>\n\t\t\t\t\t<\/div>\n\t\t<\/section>\n\t\t\t\t\t<\/div>\n\t\t<\/div>\n\t\t\t\t\t<\/div>\n\t\t<\/section>\n\t\t\t\t<section class=\"elementor-section elementor-top-section elementor-element elementor-element-77782ad elementor-section-full_width elementor-section-height-default elementor-section-height-default\" data-id=\"77782ad\" data-element_type=\"section\" data-settings=\"{&quot;shape_divider_bottom&quot;:&quot;waves&quot;}\">\n\t\t\t\t\t<div class=\"elementor-shape elementor-shape-bottom\" aria-hidden=\"true\" data-negative=\"false\">\n\t\t\t<svg xmlns=\"http:\/\/www.w3.org\/2000\/svg\" viewBox=\"0 0 1000 100\" preserveAspectRatio=\"none\">\n\t<path class=\"elementor-shape-fill\" d=\"M421.9,6.5c22.6-2.5,51.5,0.4,75.5,5.3c23.6,4.9,70.9,23.5,100.5,35.7c75.8,32.2,133.7,44.5,192.6,49.7\n\tc23.6,2.1,48.7,3.5,103.4-2.5c54.7-6,106.2-25.6,106.2-25.6V0H0v30.3c0,0,72,32.6,158.4,30.5c39.2-0.7,92.8-6.7,134-22.4\n\tc21.2-8.1,52.2-18.2,79.7-24.2C399.3,7.9,411.6,7.5,421.9,6.5z\"\/>\n<\/svg>\t\t<\/div>\n\t\t\t\t\t<div class=\"elementor-container elementor-column-gap-no\">\n\t\t\t\t\t<div class=\"elementor-column elementor-col-100 elementor-top-column elementor-element elementor-element-5d0c551\" data-id=\"5d0c551\" data-element_type=\"column\">\n\t\t\t<div class=\"elementor-widget-wrap elementor-element-populated\">\n\t\t\t\t\t\t<section class=\"elementor-section elementor-inner-section elementor-element elementor-element-fe79067 elementor-section-boxed elementor-section-height-default elementor-section-height-default elementor-invisible\" data-id=\"fe79067\" data-element_type=\"section\" data-settings=\"{&quot;animation&quot;:&quot;fadeIn&quot;,&quot;animation_delay&quot;:100,&quot;background_background&quot;:&quot;classic&quot;}\">\n\t\t\t\t\t\t<div class=\"elementor-container elementor-column-gap-default\">\n\t\t\t\t\t<div class=\"elementor-column elementor-col-100 elementor-inner-column elementor-element elementor-element-82fe1e5\" data-id=\"82fe1e5\" data-element_type=\"column\">\n\t\t\t<div class=\"elementor-widget-wrap elementor-element-populated\">\n\t\t\t\t\t\t<div class=\"elementor-element elementor-element-923a130 elementor-widget-mobile__width-inherit elementor-widget elementor-widget-text-editor\" data-id=\"923a130\" data-element_type=\"widget\" data-widget_type=\"text-editor.default\">\n\t\t\t\t\t\t\t\t\t<h2 class=\"normeH2\"><span class=\"\">Maintenance<\/span><\/h2>\t\t\t\t\t\t\t\t<\/div>\n\t\t\t\t<div class=\"elementor-element elementor-element-529d5db elementor-widget__width-inherit elementor-widget elementor-widget-html\" data-id=\"529d5db\" data-element_type=\"widget\" data-widget_type=\"html.default\">\n\t\t\t\t\t<div class=\"normes\">\n<p class=\"lightBlue boldText\">MyWater has developed an internal application allowing predictive maintenance.<\/p>\n<p>Every 4 months, members are invited to report their system\u2019s saturation levels, allowing maintenance to be scheduled based on real data rather than theoretical dates, unlike competitors.<\/p>\n<p>MyWater chose to involve its community in data collection every 4 months because the quality of incoming water can vary and may require earlier maintenance than expected.<\/p>\n<p>MyWater systems are equipped with control alerts inviting users to contact the support center 7 days a week.<\/p>\n<p>Our commitment remains unchanged: to provide you with water of impeccable quality over the long term, with a spirit of rigor, safety, transparency, and friendliness.<\/p>\n<p>According to EPA WaterSense, \ndomestic reverse osmosis systems reject an average of 3 to 5 litres of water for every \nlitre purified, depending on the technology used.<\/p>\n<p>MyWater systems only discharge 1 litre for every 1 litre produced.<\/p>\n<\/div>\t\t\t\t<\/div>\n\t\t\t\t<div class=\"elementor-element elementor-element-5a347d1 elementor-widget-mobile__width-inherit elementor-widget elementor-widget-text-editor\" data-id=\"5a347d1\" data-element_type=\"widget\" data-widget_type=\"text-editor.default\">\n\t\t\t\t\t\t\t\t\t<h2 class=\"normeH2\"><span class=\"lightBlue\">NSF Standards<\/span><\/h2>\t\t\t\t\t\t\t\t<\/div>\n\t\t\t\t<div class=\"elementor-element elementor-element-11cc503 elementor-widget__width-inherit elementor-widget elementor-widget-html\" data-id=\"11cc503\" data-element_type=\"widget\" data-widget_type=\"html.default\">\n\t\t\t\t\t<div class=\"normes\">\n<p>The fittings used in MyWater systems, manufactured by John Guest (an American brand), are certified NSF 51 and NSF 61, ensuring optimal safety.<\/p>\n<p>Regarding the membranes, the NSF 58 standard mainly applies to products intended for or originating from the North American market. It is not required in Europe, where regulations impose equivalent standards, including:<\/p>\n<p>- Regulation EC No. 1935\/2004 on materials in contact with drinking water.<\/p>\n<p>The membranes we use meet all these strict requirements and are the result of unique expertise.<\/p>\n<p>Furthermore, as part of MyWater\u2019s intellectual property, certain technical information, such as the origin of the membranes, is not made fully public.<\/p>\n<p>Indeed, these elements are protected by existing and future patents and confidential know-how developed in collaboration with our technical partners.<\/p>\n<p>This choice of confidentiality does not change the essential point:<\/p>\n<p>-&gt; The analysis results, carried out by independent laboratories \u2014 <u><b><a href=\"https:\/\/www.rtbf.be\/article\/quelle-eau-boire-notre-grand-test-entre-robinet-filtres-et-bouteilles-11553685\" target=\"_blank\">including those featured in the RTBF \u201cInvestigation\u201d program (May 28) \u2014 clearly demonstrate the effectiveness of our systems.<\/a><\/b><\/u><\/p>\n<p>The analysis results performed by Eurofins (laboratory approved by AFSCA and ARS) are published on www.MyWater.community<\/p>\n<p>They confirm the complete elimination of PFAS &amp; TFA, pesticide metabolites, and many other emerging pollutants.<\/p>\n<p>We remain at your disposal for <a href=\"\/en\/faq\" title=\"MyWater FAQ Page\">any additional questions<\/a>.<\/p>\n<\/div>\t\t\t\t<\/div>\n\t\t\t\t\t<\/div>\n\t\t<\/div>\n\t\t\t\t\t<\/div>\n\t\t<\/section>\n\t\t\t\t\t<\/div>\n\t\t<\/div>\n\t\t\t\t\t<\/div>\n\t\t<\/section>\n\t\t\t\t<section class=\"elementor-section elementor-top-section elementor-element elementor-element-62b91ef elementor-section-full_width preFooter elementor-section-height-default elementor-section-height-default\" data-id=\"62b91ef\" data-element_type=\"section\" data-settings=\"{&quot;shape_divider_top_negative&quot;:&quot;yes&quot;,&quot;background_background&quot;:&quot;classic&quot;,&quot;shape_divider_top&quot;:&quot;waves&quot;}\">\n\t\t\t\t\t<div class=\"elementor-shape elementor-shape-top\" aria-hidden=\"true\" data-negative=\"true\">\n\t\t\t<svg xmlns=\"http:\/\/www.w3.org\/2000\/svg\" viewBox=\"0 0 1000 100\" preserveAspectRatio=\"none\">\n\t<path class=\"elementor-shape-fill\" d=\"M790.5,93.1c-59.3-5.3-116.8-18-192.6-50c-29.6-12.7-76.9-31-100.5-35.9c-23.6-4.9-52.6-7.8-75.5-5.3\n\tc-10.2,1.1-22.6,1.4-50.1,7.4c-27.2,6.3-58.2,16.6-79.4,24.7c-41.3,15.9-94.9,21.9-134,22.6C72,58.2,0,25.8,0,25.8V100h1000V65.3\n\tc0,0-51.5,19.4-106.2,25.7C839.5,97,814.1,95.2,790.5,93.1z\"\/>\n<\/svg>\t\t<\/div>\n\t\t\t\t\t<div class=\"elementor-container elementor-column-gap-no\">\n\t\t\t\t\t<div class=\"elementor-column elementor-col-100 elementor-top-column elementor-element elementor-element-c6db058\" data-id=\"c6db058\" data-element_type=\"column\">\n\t\t\t<div class=\"elementor-widget-wrap elementor-element-populated\">\n\t\t\t\t\t\t<section class=\"elementor-section elementor-inner-section elementor-element elementor-element-e853cc0 elementor-section-height-min-height elementor-reverse-tablet elementor-reverse-mobile elementor-section-boxed elementor-section-height-default\" data-id=\"e853cc0\" data-element_type=\"section\">\n\t\t\t\t\t\t<div class=\"elementor-container elementor-column-gap-default\">\n\t\t\t\t\t<div class=\"elementor-column elementor-col-50 elementor-inner-column elementor-element elementor-element-60679aa\" data-id=\"60679aa\" data-element_type=\"column\" data-settings=\"{&quot;background_background&quot;:&quot;classic&quot;}\">\n\t\t\t<div class=\"elementor-widget-wrap elementor-element-populated\">\n\t\t\t\t<style id=\"floating-anim-73a8199\">\n                @keyframes floating-animation-73a8199 {\n                    0% { transform: translate(0, 0); }\n                    50% { transform: translate(0px, 15px); }\n                    100% { transform: translate(0, 0); }\n                }\n                .elementor-element-73a8199 {\n                    animation-name: floating-animation-73a8199;\n                    animation-duration: 4000ms;\n                    animation-timing-function: ease-in-out;\n                    animation-iteration-count: infinite;\n                    animation-delay: 0ms;\n                }\n            <\/style>\t\t<div class=\"elementor-element elementor-element-73a8199 premium-floating-effects-yes kng-floating-animation-yes elementor-invisible elementor-widget elementor-widget-image\" data-id=\"73a8199\" data-element_type=\"widget\" data-settings=\"{&quot;_animation&quot;:&quot;zoomIn&quot;,&quot;premium_fe_translate_switcher&quot;:&quot;yes&quot;,&quot;premium_fe_Xtranslate&quot;:{&quot;unit&quot;:&quot;px&quot;,&quot;size&quot;:&quot;&quot;,&quot;sizes&quot;:{&quot;from&quot;:0,&quot;to&quot;:0}},&quot;premium_fe_Ytranslate&quot;:{&quot;unit&quot;:&quot;px&quot;,&quot;size&quot;:&quot;&quot;,&quot;sizes&quot;:{&quot;from&quot;:0,&quot;to&quot;:15}},&quot;premium_fe_trans_duration&quot;:{&quot;unit&quot;:&quot;px&quot;,&quot;size&quot;:1500,&quot;sizes&quot;:[]},&quot;kng_floating_animation_switch&quot;:&quot;yes&quot;,&quot;kng_floating_animation_value&quot;:15,&quot;kng_floating_animation_duration&quot;:4000,&quot;kng_floating_animation_value_X&quot;:0,&quot;kng_floating_animation_delay&quot;:0,&quot;premium_fe_Xtranslate_tablet&quot;:{&quot;unit&quot;:&quot;px&quot;,&quot;size&quot;:&quot;&quot;,&quot;sizes&quot;:[]},&quot;premium_fe_Xtranslate_mobile&quot;:{&quot;unit&quot;:&quot;px&quot;,&quot;size&quot;:&quot;&quot;,&quot;sizes&quot;:[]},&quot;premium_fe_Ytranslate_tablet&quot;:{&quot;unit&quot;:&quot;px&quot;,&quot;size&quot;:&quot;&quot;,&quot;sizes&quot;:[]},&quot;premium_fe_Ytranslate_mobile&quot;:{&quot;unit&quot;:&quot;px&quot;,&quot;size&quot;:&quot;&quot;,&quot;sizes&quot;:[]},&quot;premium_fe_trans_delay&quot;:{&quot;unit&quot;:&quot;px&quot;,&quot;size&quot;:&quot;&quot;,&quot;sizes&quot;:[]},&quot;premium_fe_direction&quot;:&quot;alternate&quot;,&quot;premium_fe_loop&quot;:&quot;default&quot;,&quot;premium_fe_easing&quot;:&quot;easeInOutSine&quot;}\" data-widget_type=\"image.default\">\n\t\t\t\t\t\t\t\t\t\t\t\t\t\t\t<img fetchpriority=\"high\" decoding=\"async\" width=\"1196\" height=\"942\" src=\"https:\/\/mywater.community\/wp-content\/uploads\/2025\/08\/i-love-mywater-community.png\" class=\"attachment-full size-full wp-image-1135\" alt=\"\" srcset=\"https:\/\/mywater.community\/wp-content\/uploads\/2025\/08\/i-love-mywater-community.png 1196w, https:\/\/mywater.community\/wp-content\/uploads\/2025\/08\/i-love-mywater-community-300x236.png 300w, https:\/\/mywater.community\/wp-content\/uploads\/2025\/08\/i-love-mywater-community-1024x807.png 1024w, https:\/\/mywater.community\/wp-content\/uploads\/2025\/08\/i-love-mywater-community-768x605.png 768w, https:\/\/mywater.community\/wp-content\/uploads\/2025\/08\/i-love-mywater-community-200x158.png 200w\" sizes=\"(max-width: 1196px) 100vw, 1196px\" \/>\t\t\t\t\t\t\t\t\t\t\t\t\t\t\t<\/div>\n\t\t\t\t\t<\/div>\n\t\t<\/div>\n\t\t\t\t<div class=\"elementor-column elementor-col-50 elementor-inner-column elementor-element elementor-element-c88f73c\" data-id=\"c88f73c\" data-element_type=\"column\">\n\t\t\t<div class=\"elementor-widget-wrap elementor-element-populated\">\n\t\t\t\t\t\t<div class=\"elementor-element elementor-element-d8758c2 elementor-widget elementor-widget-text-editor\" data-id=\"d8758c2\" data-element_type=\"widget\" data-widget_type=\"text-editor.default\">\n\t\t\t\t\t\t\t\t\t<p class=\"plcH\">You can trust the <span class=\"goldColor\">water<\/span> you drink for your health. Trust MyWater, its service, and its <span class=\"goldColor\">community<\/span>.<\/p>\n<p class=\"plcH\">It\u2019s this trust in nature, in people, and in technology that we promote, because we believe it is the key to <span class=\"goldColor\">a better<\/span> and healthier world.<\/p>\n<p class=\"plcH\">The MyWater Team<\/p>\t\t\t\t\t\t\t\t<\/div>\n\t\t\t\t\t<\/div>\n\t\t<\/div>\n\t\t\t\t\t<\/div>\n\t\t<\/section>\n\t\t\t\t\t<\/div>\n\t\t<\/div>\n\t\t\t\t\t<\/div>\n\t\t<\/section>\n\t\t\t\t<\/div>\n\t\t","protected":false},"excerpt":{"rendered":"<p>MyWater: technical standards Maintenance MyWater has developed an internal application allowing predictive maintenance. Every 4 months, members are invited to report their system\u2019s saturation levels, allowing maintenance to be scheduled based on real data rather than theoretical dates, unlike competitors. MyWater chose to involve its community in data collection every 4 months because the quality [&hellip;]<\/p>\n","protected":false},"author":1,"featured_media":0,"parent":0,"menu_order":0,"comment_status":"closed","ping_status":"closed","template":"page-templates\/template-full-width-page-without-header-title.php","meta":{"footnotes":""},"class_list":["post-1353","page","type-page","status-publish","hentry"],"yoast_head":"<!-- This site is optimized with the Yoast SEO plugin v26.6 - https:\/\/yoast.com\/wordpress\/plugins\/seo\/ -->\n<title>Maintenance - MyWater - Purifions votre eau ensemble !<\/title>\n<meta name=\"robots\" content=\"index, follow, max-snippet:-1, max-image-preview:large, max-video-preview:-1\" \/>\n<link rel=\"canonical\" href=\"https:\/\/mywater.community\/en\/standards\/\" \/>\n<meta property=\"og:locale\" content=\"en_US\" \/>\n<meta property=\"og:type\" content=\"article\" \/>\n<meta property=\"og:title\" content=\"Maintenance - MyWater - Purifions votre eau ensemble !\" \/>\n<meta property=\"og:description\" content=\"MyWater: technical standards Maintenance MyWater has developed an internal application allowing predictive maintenance. Every 4 months, members are invited to report their system\u2019s saturation levels, allowing maintenance to be scheduled based on real data rather than theoretical dates, unlike competitors. MyWater chose to involve its community in data collection every 4 months because the quality [&hellip;]\" \/>\n<meta property=\"og:url\" content=\"https:\/\/mywater.community\/en\/standards\/\" \/>\n<meta property=\"og:site_name\" content=\"MyWater - Purifions votre eau ensemble !\" \/>\n<meta property=\"article:publisher\" content=\"https:\/\/www.facebook.com\/Mywater.community\" \/>\n<meta property=\"article:modified_time\" content=\"2026-01-15T15:09:26+00:00\" \/>\n<meta property=\"og:image\" content=\"https:\/\/mywater.community\/wp-content\/uploads\/2025\/08\/i-love-mywater-community.png\" \/>\n\t<meta property=\"og:image:width\" content=\"1196\" \/>\n\t<meta property=\"og:image:height\" content=\"942\" \/>\n\t<meta property=\"og:image:type\" content=\"image\/png\" \/>\n<meta name=\"twitter:card\" content=\"summary_large_image\" \/>\n<meta name=\"twitter:label1\" content=\"Est. reading time\" \/>\n\t<meta name=\"twitter:data1\" content=\"2 minutes\" \/>\n<script type=\"application\/ld+json\" class=\"yoast-schema-graph\">{\"@context\":\"https:\/\/schema.org\",\"@graph\":[{\"@type\":\"WebPage\",\"@id\":\"https:\/\/mywater.community\/en\/standards\/\",\"url\":\"https:\/\/mywater.community\/en\/standards\/\",\"name\":\"Maintenance - MyWater - Purifions votre eau ensemble !\",\"isPartOf\":{\"@id\":\"https:\/\/mywater.community\/en\/#website\"},\"primaryImageOfPage\":{\"@id\":\"https:\/\/mywater.community\/en\/standards\/#primaryimage\"},\"image\":{\"@id\":\"https:\/\/mywater.community\/en\/standards\/#primaryimage\"},\"thumbnailUrl\":\"https:\/\/mywater.community\/wp-content\/uploads\/2025\/08\/i-love-mywater-community.png\",\"datePublished\":\"2025-11-04T14:46:54+00:00\",\"dateModified\":\"2026-01-15T15:09:26+00:00\",\"breadcrumb\":{\"@id\":\"https:\/\/mywater.community\/en\/standards\/#breadcrumb\"},\"inLanguage\":\"en-US\",\"potentialAction\":[{\"@type\":\"ReadAction\",\"target\":[\"https:\/\/mywater.community\/en\/standards\/\"]}]},{\"@type\":\"ImageObject\",\"inLanguage\":\"en-US\",\"@id\":\"https:\/\/mywater.community\/en\/standards\/#primaryimage\",\"url\":\"https:\/\/mywater.community\/wp-content\/uploads\/2025\/08\/i-love-mywater-community.png\",\"contentUrl\":\"https:\/\/mywater.community\/wp-content\/uploads\/2025\/08\/i-love-mywater-community.png\"},{\"@type\":\"BreadcrumbList\",\"@id\":\"https:\/\/mywater.community\/en\/standards\/#breadcrumb\",\"itemListElement\":[{\"@type\":\"ListItem\",\"position\":1,\"name\":\"Accueil\",\"item\":\"https:\/\/mywater.community\/en\/\"},{\"@type\":\"ListItem\",\"position\":2,\"name\":\"Maintenance\"}]},{\"@type\":\"WebSite\",\"@id\":\"https:\/\/mywater.community\/en\/#website\",\"url\":\"https:\/\/mywater.community\/en\/\",\"name\":\"MyWater - Purifions votre eau ensemble !\",\"description\":\"De l&#039;eau pure, faiblement min\u00e9ralis\u00e9e, \u00e0 volont\u00e9\",\"publisher\":{\"@id\":\"https:\/\/mywater.community\/en\/#organization\"},\"potentialAction\":[{\"@type\":\"SearchAction\",\"target\":{\"@type\":\"EntryPoint\",\"urlTemplate\":\"https:\/\/mywater.community\/en\/?s={search_term_string}\"},\"query-input\":{\"@type\":\"PropertyValueSpecification\",\"valueRequired\":true,\"valueName\":\"search_term_string\"}}],\"inLanguage\":\"en-US\"},{\"@type\":\"Organization\",\"@id\":\"https:\/\/mywater.community\/en\/#organization\",\"name\":\"MyWater - Purifions votre eau ensemble !\",\"url\":\"https:\/\/mywater.community\/en\/\",\"logo\":{\"@type\":\"ImageObject\",\"inLanguage\":\"en-US\",\"@id\":\"https:\/\/mywater.community\/en\/#\/schema\/logo\/image\/\",\"url\":\"https:\/\/mywater.community\/wp-content\/uploads\/2025\/12\/cropped-logo-MyWater-HD.png\",\"contentUrl\":\"https:\/\/mywater.community\/wp-content\/uploads\/2025\/12\/cropped-logo-MyWater-HD.png\",\"width\":254,\"height\":200,\"caption\":\"MyWater - Purifions votre eau ensemble !\"},\"image\":{\"@id\":\"https:\/\/mywater.community\/en\/#\/schema\/logo\/image\/\"},\"sameAs\":[\"https:\/\/www.facebook.com\/Mywater.community\",\"https:\/\/www.instagram.com\/mywater_community\/\"]}]}<\/script>\n<!-- \/ Yoast SEO plugin. -->","yoast_head_json":{"title":"Maintenance - MyWater - Purifions votre eau ensemble !","robots":{"index":"index","follow":"follow","max-snippet":"max-snippet:-1","max-image-preview":"max-image-preview:large","max-video-preview":"max-video-preview:-1"},"canonical":"https:\/\/mywater.community\/en\/standards\/","og_locale":"en_US","og_type":"article","og_title":"Maintenance - MyWater - Purifions votre eau ensemble !","og_description":"MyWater: technical standards Maintenance MyWater has developed an internal application allowing predictive maintenance. Every 4 months, members are invited to report their system\u2019s saturation levels, allowing maintenance to be scheduled based on real data rather than theoretical dates, unlike competitors. MyWater chose to involve its community in data collection every 4 months because the quality [&hellip;]","og_url":"https:\/\/mywater.community\/en\/standards\/","og_site_name":"MyWater - Purifions votre eau ensemble !","article_publisher":"https:\/\/www.facebook.com\/Mywater.community","article_modified_time":"2026-01-15T15:09:26+00:00","og_image":[{"width":1196,"height":942,"url":"https:\/\/mywater.community\/wp-content\/uploads\/2025\/08\/i-love-mywater-community.png","type":"image\/png"}],"twitter_card":"summary_large_image","twitter_misc":{"Est. reading time":"2 minutes"},"schema":{"@context":"https:\/\/schema.org","@graph":[{"@type":"WebPage","@id":"https:\/\/mywater.community\/en\/standards\/","url":"https:\/\/mywater.community\/en\/standards\/","name":"Maintenance - MyWater - Purifions votre eau ensemble !","isPartOf":{"@id":"https:\/\/mywater.community\/en\/#website"},"primaryImageOfPage":{"@id":"https:\/\/mywater.community\/en\/standards\/#primaryimage"},"image":{"@id":"https:\/\/mywater.community\/en\/standards\/#primaryimage"},"thumbnailUrl":"https:\/\/mywater.community\/wp-content\/uploads\/2025\/08\/i-love-mywater-community.png","datePublished":"2025-11-04T14:46:54+00:00","dateModified":"2026-01-15T15:09:26+00:00","breadcrumb":{"@id":"https:\/\/mywater.community\/en\/standards\/#breadcrumb"},"inLanguage":"en-US","potentialAction":[{"@type":"ReadAction","target":["https:\/\/mywater.community\/en\/standards\/"]}]},{"@type":"ImageObject","inLanguage":"en-US","@id":"https:\/\/mywater.community\/en\/standards\/#primaryimage","url":"https:\/\/mywater.community\/wp-content\/uploads\/2025\/08\/i-love-mywater-community.png","contentUrl":"https:\/\/mywater.community\/wp-content\/uploads\/2025\/08\/i-love-mywater-community.png"},{"@type":"BreadcrumbList","@id":"https:\/\/mywater.community\/en\/standards\/#breadcrumb","itemListElement":[{"@type":"ListItem","position":1,"name":"Accueil","item":"https:\/\/mywater.community\/en\/"},{"@type":"ListItem","position":2,"name":"Maintenance"}]},{"@type":"WebSite","@id":"https:\/\/mywater.community\/en\/#website","url":"https:\/\/mywater.community\/en\/","name":"MyWater - Purifions votre eau ensemble !","description":"De l&#039;eau pure, faiblement min\u00e9ralis\u00e9e, \u00e0 volont\u00e9","publisher":{"@id":"https:\/\/mywater.community\/en\/#organization"},"potentialAction":[{"@type":"SearchAction","target":{"@type":"EntryPoint","urlTemplate":"https:\/\/mywater.community\/en\/?s={search_term_string}"},"query-input":{"@type":"PropertyValueSpecification","valueRequired":true,"valueName":"search_term_string"}}],"inLanguage":"en-US"},{"@type":"Organization","@id":"https:\/\/mywater.community\/en\/#organization","name":"MyWater - Purifions votre eau ensemble !","url":"https:\/\/mywater.community\/en\/","logo":{"@type":"ImageObject","inLanguage":"en-US","@id":"https:\/\/mywater.community\/en\/#\/schema\/logo\/image\/","url":"https:\/\/mywater.community\/wp-content\/uploads\/2025\/12\/cropped-logo-MyWater-HD.png","contentUrl":"https:\/\/mywater.community\/wp-content\/uploads\/2025\/12\/cropped-logo-MyWater-HD.png","width":254,"height":200,"caption":"MyWater - Purifions votre eau ensemble !"},"image":{"@id":"https:\/\/mywater.community\/en\/#\/schema\/logo\/image\/"},"sameAs":["https:\/\/www.facebook.com\/Mywater.community","https:\/\/www.instagram.com\/mywater_community\/"]}]}},"_links":{"self":[{"href":"https:\/\/mywater.community\/en\/wp-json\/wp\/v2\/pages\/1353","targetHints":{"allow":["GET"]}}],"collection":[{"href":"https:\/\/mywater.community\/en\/wp-json\/wp\/v2\/pages"}],"about":[{"href":"https:\/\/mywater.community\/en\/wp-json\/wp\/v2\/types\/page"}],"author":[{"embeddable":true,"href":"https:\/\/mywater.community\/en\/wp-json\/wp\/v2\/users\/1"}],"replies":[{"embeddable":true,"href":"https:\/\/mywater.community\/en\/wp-json\/wp\/v2\/comments?post=1353"}],"version-history":[{"count":19,"href":"https:\/\/mywater.community\/en\/wp-json\/wp\/v2\/pages\/1353\/revisions"}],"predecessor-version":[{"id":1735,"href":"https:\/\/mywater.community\/en\/wp-json\/wp\/v2\/pages\/1353\/revisions\/1735"}],"wp:attachment":[{"href":"https:\/\/mywater.community\/en\/wp-json\/wp\/v2\/media?parent=1353"}],"curies":[{"name":"wp","href":"https:\/\/api.w.org\/{rel}","templated":true}]}}